{"id":6923,"date":"2023-03-26T08:44:04","date_gmt":"2023-03-26T08:44:04","guid":{"rendered":"https:\/\/soncaliu.com\/?page_id=6923"},"modified":"2023-03-26T08:58:36","modified_gmt":"2023-03-26T08:58:36","slug":"contact-2","status":"publish","type":"page","link":"https:\/\/www.soncaliu.com\/fr\/contact-2\/","title":{"rendered":"Contact"},"content":{"rendered":"\n<section class=\"wp-block-mkl-section-block section-main\"><div class=\"main-slider \" >\n  \n<div class=\"main-slider-item \" >\n  \n\n<figure class=\"wp-block-image size-large\"><img loading=\"lazy\" decoding=\"async\" width=\"1024\" height=\"576\" src=\"https:\/\/soncaliu.com\/wp-content\/uploads\/2021\/09\/contacto-1024x576.jpg\" alt=\"\" class=\"wp-image-4379\" srcset=\"https:\/\/www.soncaliu.com\/wp-content\/uploads\/2021\/09\/contacto-1024x576.jpg 1024w, https:\/\/www.soncaliu.com\/wp-content\/uploads\/2021\/09\/contacto-300x169.jpg 300w, https:\/\/www.soncaliu.com\/wp-content\/uploads\/2021\/09\/contacto-768x432.jpg 768w, https:\/\/www.soncaliu.com\/wp-content\/uploads\/2021\/09\/contacto-1536x864.jpg 1536w, https:\/\/www.soncaliu.com\/wp-content\/uploads\/2021\/09\/contacto.jpg 1920w\" sizes=\"auto, (max-width: 1024px) 100vw, 1024px\" \/><\/figure>\n\n\n<\/div>\n\n<\/div>\n\n\n<section class=\"wp-block-mkl-section-block main-sec\"><div class=\"container  \">\n  \n<div class=\"main-sec-wrap \" >\n  \n<div class=\" \" >\n  \n\n<h2 class=\"wp-block-heading\">Contactez-nous<\/h2>\n\n\n<\/div>\n\n<\/div>\n\n<\/div><\/section>\n<\/section>\n\n\n\n<section class=\"wp-block-mkl-section-block\">\n<section class=\"wp-block-mkl-section-block section-infoline\"><div class=\"container  \">\n  \n<div class=\"breadcrumbs-wrap \" >\n  \n<div class=\"breadcrumbs-wrap__title \">Se trouve dans:<\/div>\n\n<span><span><a href=\"https:\/\/www.soncaliu.com\/fr\/\">Accueil<\/a><\/span><\/span>\n\n\n<\/div>\n\n<\/div><\/section>\n<\/section>\n\n\n\n<section class=\"wp-block-mkl-section-block section-image section-all mt-5\"><div class=\"container  \">\n  \n\n<div class=\"row\">\n<div class=\"col-lg-6 col-md-6\">\n<h3 class=\"has-text-align-left wp-block-heading\">Contact<\/h3>\n\n\n\n<h2 class=\"wp-block-heading\"><mark style=\"background-color:rgba(0, 0, 0, 0);color:#b89b61\" class=\"has-inline-color\">Nous sommes \u00e0 votre enti\u00e8re disposition pour vous aider \u00e0 planifier votre s\u00e9jour en prenant soin de tous les d\u00e9tails<\/mark><\/h2>\n\n\n\n<p><br>Adresse: Avenida Son Caliu, n\u00ba8, 07181, Son Caliu, Calvi\u00e0<br>T\u00e9l\u00e9phone: <a href=\"tel: +34971682200\"><span class=\"has-inline-color has-black-color\">+34 971 68 22 00<\/span><\/a><br>Fax: +34 971 68 37 20<br>Email: <a href=\"mailto:soncaliu@soncaliu.com\"><span class=\"has-inline-color has-black-color\">soncaliu@soncaliu.com<\/span><\/a><br><br><\/p>\n\n\n\n<ul class=\"wp-block-list\">\n<li><a href=\"https:\/\/www.facebook.com\/soncaliuhotel\">Facebook<\/a><\/li>\n\n\n\n<li><a href=\"https:\/\/www.instagram.com\/hotelsoncaliuspaoasis\/\">Instagram<\/a><\/li>\n\n\n\n<li><a href=\"https:\/\/twitter.com\/soncaliuhotel\">Twitter<\/a><\/li>\n\n\n\n<li><a href=\"https:\/\/www.youtube.com\/channel\/UCgrlelohufTUGf4qbU-LI2w\">Youtube<\/a><\/li>\n<\/ul>\n\n\n\n<p><\/p>\n<\/div>\n\n\n\n<div class=\"col-lg-6 col-md-6\">\n<div class=\"wpcf7 no-js\" id=\"wpcf7-f7191-o1\" lang=\"fr-FR\" dir=\"ltr\" data-wpcf7-id=\"7191\">\n<div class=\"screen-reader-response\"><p role=\"status\" aria-live=\"polite\" aria-atomic=\"true\"><\/p> <ul><\/ul><\/div>\n<form action=\"\/fr\/wp-json\/wp\/v2\/pages\/6923#wpcf7-f7191-o1\" method=\"post\" class=\"wpcf7-form init\" aria-label=\"Formulaire de contact\" enctype=\"multipart\/form-data\" novalidate=\"novalidate\" data-status=\"init\">\n<fieldset class=\"hidden-fields-container\"><input type=\"hidden\" name=\"_wpcf7\" value=\"7191\" \/><input type=\"hidden\" name=\"_wpcf7_version\" value=\"6.1.5\" \/><input type=\"hidden\" name=\"_wpcf7_locale\" value=\"fr_FR\" \/><input type=\"hidden\" name=\"_wpcf7_unit_tag\" value=\"wpcf7-f7191-o1\" \/><input type=\"hidden\" name=\"_wpcf7_container_post\" value=\"0\" \/><input type=\"hidden\" name=\"_wpcf7_posted_data_hash\" value=\"\" \/><input type=\"hidden\" name=\"_wpcf7_recaptcha_response\" value=\"\" \/>\n<\/fieldset>\n<p><span class=\"wpcf7-form-control-wrap\" data-name=\"your-name\"><input size=\"40\" maxlength=\"400\" class=\"wpcf7-form-control wpcf7-text wpcf7-validates-as-required\" aria-required=\"true\" aria-invalid=\"false\" placeholder=\"Name\" value=\"\" type=\"text\" name=\"your-name\" \/><\/span><br \/>\n<span class=\"wpcf7-form-control-wrap\" data-name=\"your-email\"><input size=\"40\" maxlength=\"400\" class=\"wpcf7-form-control wpcf7-email wpcf7-validates-as-required wpcf7-text wpcf7-validates-as-email\" aria-required=\"true\" aria-invalid=\"false\" placeholder=\"Email\" value=\"\" type=\"email\" name=\"your-email\" \/><\/span><br \/>\n<span class=\"wpcf7-form-control-wrap\" data-name=\"tel-84\"><input size=\"40\" maxlength=\"400\" class=\"wpcf7-form-control wpcf7-tel wpcf7-validates-as-required wpcf7-text wpcf7-validates-as-tel\" aria-required=\"true\" aria-invalid=\"false\" placeholder=\"Phone\" value=\"\" type=\"tel\" name=\"tel-84\" \/><\/span><br \/>\n<span class=\"wpcf7-form-control-wrap\" data-name=\"text-665\"><input size=\"40\" maxlength=\"400\" class=\"wpcf7-form-control wpcf7-text\" aria-invalid=\"false\" placeholder=\"Professional sector\" value=\"\" type=\"text\" name=\"text-665\" \/><\/span><br \/>\n<span class=\"wpcf7-form-control-wrap\" data-name=\"your-message\"><textarea cols=\"40\" rows=\"10\" maxlength=\"2000\" class=\"wpcf7-form-control wpcf7-textarea\" aria-invalid=\"false\" placeholder=\"Message\" name=\"your-message\"><\/textarea><\/span><br \/>\nAttach C.V.<br \/>\n<span class=\"wpcf7-form-control-wrap\" data-name=\"file-747\"><input size=\"40\" class=\"wpcf7-form-control wpcf7-file\" accept=\"audio\/*,video\/*,image\/*\" aria-invalid=\"false\" type=\"file\" name=\"file-747\" \/><\/span><br \/>\n<span class=\"wpcf7-form-control-wrap\" data-name=\"acceptance-759\"><span class=\"wpcf7-form-control wpcf7-acceptance\"><span class=\"wpcf7-list-item\"><label><input type=\"checkbox\" name=\"acceptance-759\" value=\"1\" aria-invalid=\"false\" \/><span class=\"wpcf7-list-item-label\">I have read and accept the <a href=\"https:\/\/soncaliu.com\/en\/legal-notice\/\">legal terms<\/a> and the <a href=\"https:\/\/soncaliu.com\/en\/data-protection\/\">privacy policy<\/a>.<\/span><\/label><\/span><\/span><\/span>\n<\/p>\n<div class=\"mt-5\">\n<\/div>\n<p><button id='submit' class='wpcf7-form-control wpcf7-submit dc-btn dc-btn_w2 dc-btn_outline-secondary '>Submit<\/button>\n<\/p><div class=\"wpcf7-response-output\" aria-hidden=\"true\"><\/div>\n<\/form>\n<\/div>\n\n<\/div>\n<\/div>\n\n\n<\/div><\/section>\n\n\n\n<section class=\"wp-block-mkl-section-block section-map-aspect\">  <div class=\"map-canvas\"><\/div>\n\n<div class=\"location \" >\n  \n\n<p>39.52626555101245, 2.5442970023117, map-1<\/p>\n\n\n<\/div><\/section>\n\n\n\n<section class=\"wp-block-mkl-section-block section-advantages\"><div class=\"section-bg bg__stretched\" style=\"background-image:url(https:\/\/soncaliu.com\/wp-content\/uploads\/2021\/08\/bg-1-1024x401.jpg);opacity:1\"><\/div><div class=\"container  \">\n  \n\n<h3 class=\"wp-block-heading has-text-align-center\" id=\"disfrute-de-las-mejores-ventajas\"><mark style=\"background-color: rgba(0, 0, 0, 0);\" class=\"has-inline-color has-white-color\">Profitez des meilleurs avantages<\/mark><\/h3>\n\n\n\n<h2 class=\"wp-block-heading has-text-align-center\" id=\"ventajas-exclusivas-al-reservar-en-nuestra-pagina-oficial\"><mark style=\"background-color: rgba(0, 0, 0, 0);\" class=\"has-inline-color has-white-color\">Les avantages exclusifs de la r\u00e9servation sur<\/mark> <strong><em><mark style=\"background-color: rgba(0, 0, 0, 0);\" class=\"has-inline-color has-white-color\">notre site web<\/mark><\/em><\/strong><\/h2>\n\n\n\n<div class=\"row-adv row-adv-2 row align-items-center\">\n\n\n<div class=\"col-lg-3 col-md-6\"><div class=\"dc-ics-b \" >\n  \n<div class=\"dc-ics-b__circle \" >\n  \n  <i class=\"icon-ic-money\"><\/i>\n\n<\/div>\n\n<div class=\"dc-ics-b__txt \">Meilleur prix garanti. Nos meilleures offres sont sur notre site<\/div>\n\n<\/div><\/div>\n\n\n\n<div class=\"col-lg-3 col-md-6\"><div class=\"dc-ics-b \" >\n  \n<div class=\"dc-ics-b__circle \" >\n  \n\n<svg width=\"72px\" height=\"72px\" viewbox=\"0 0 72 72\" version=\"1.1\" xmlns=\"http:\/\/www.w3.org\/2000\/svg\" xmlns:xlink=\"http:\/\/www.w3.org\/1999\/xlink\">\r\n    <g id=\"Symbols\" stroke=\"none\" stroke-width=\"1\" fill=\"none\" fill-rule=\"evenodd\">\r\n        <g id=\"6-Ventajas\" transform=\"translate(-467.000000, -385.000000)\">\r\n            <g id=\"Group-7\" transform=\"translate(48.000000, 384.000000)\">\r\n                <g id=\"Group-9-Copy\" transform=\"translate(305.000000, 2.000000)\">\r\n                    <g id=\"Group-4\" transform=\"translate(115.000000, 0.000000)\">\r\n                        <path d=\"M35.00089,23.0967205 C35.4761575,24.0383385 44.0000002,31.4474391 44.0000002,37.3284575 C44.0000002,41.7387095 41.0330493,46.9513839 35.00089,47.0005117 C28.9687307,46.9513839 26.0039159,41.7387095 25.9996422,37.3284575 C25.9953717,31.4474391 34.5213505,24.0383385 35.00089,23.0967205 Z M34.998754,26.2378353 C32.7003817,28.6768306 28.1335415,33.6817348 28.1356768,37.327434 C28.1378136,40.2536142 30.0111152,44.9125762 35.0179783,44.9535161 C39.9949369,44.9125762 41.8639665,40.2556612 41.8639665,37.3284575 C41.8639665,33.6817348 37.2949903,28.6747836 34.998754,26.2378353 Z M29.6099076,36.5185637 C29.8840314,36.5185637 30.1059411,36.7089343 30.1059411,36.9463858 C30.1083145,38.9739349 31.4160392,42.0055354 35.0057554,42.0444283 C35.2810659,42.0464753 35.4994156,42.2409399 35.4970614,42.4773679 C35.4946688,42.7117489 35.2727591,42.9000725 35.0010087,42.9000725 C30.6850425,42.8550386 29.1162475,39.3147597 29.1138741,36.9463858 C29.1138741,36.7099578 29.3369705,36.5185637 29.6099076,36.5185637 Z\" id=\"Combined-Shape\" fill=\"#FFFFFF\"><\/path>\r\n                    <\/g>\r\n                <\/g>\r\n            <\/g>\r\n        <\/g>\r\n    <\/g>\r\n<\/svg>\n\n\n<\/div>\n\n<div class=\"dc-ics-b__txt \">Acc\u00e8s gratuit au Spa Oasis<\/div>\n\n<\/div><\/div>\n\n\n\n<div class=\"col-lg-3 col-md-6\"><div class=\"dc-ics-b \" >\n  \n<div class=\"dc-ics-b__circle \" >\n  \n  <i class=\"icon-ic-cocktail\"><\/i>\n\n<\/div>\n\n<div class=\"dc-ics-b__txt \">Attentions de bienvenue \u00e0 l\u2019arriv\u00e9e<\/div>\n\n<\/div><\/div>\n\n\n\n\n\n<div class=\"col-lg-3 col-md-6\"><div class=\"dc-ics-b \" >\n  \n<div class=\"dc-ics-b__circle \" >\n  \n  <i class=\"icon-ic-wifi\"><\/i>\n\n<\/div>\n\n<div class=\"dc-ics-b__txt \">WiFi gratuit<\/div>\n\n<\/div><\/div>\n<\/div>\n\n\n<div class=\"text-center link-flash \" >\n  \n\n<h4 class=\"wp-block-heading has-text-align-center js-linkBook\" id=\"reservar-ahora-al-mejor-precio\"><a href=\"#\">R\u00e9servez maintenant au&nbsp;<em>meilleur prix<\/em><\/a><\/h4>\n\n\n<\/div>\n\n<\/div><\/section>\n","protected":false},"excerpt":{"rendered":"","protected":false},"author":4,"featured_media":0,"parent":0,"menu_order":0,"comment_status":"closed","ping_status":"closed","template":"page-map.php","meta":{"footnotes":""},"class_list":["post-6923","page","type-page","status-publish","hentry"],"yoast_head":"<!-- This site is optimized with the Yoast SEO plugin v27.1.1 - https:\/\/yoast.com\/product\/yoast-seo-wordpress\/ -->\n<title>Contact - Son Caliu Spa Oasis<\/title>\n<meta name=\"robots\" content=\"index, follow, max-snippet:-1, max-image-preview:large, max-video-preview:-1\" \/>\n<link rel=\"canonical\" href=\"https:\/\/www.soncaliu.com\/fr\/contact-2\/\" \/>\n<meta property=\"og:locale\" content=\"fr_FR\" \/>\n<meta property=\"og:type\" content=\"article\" \/>\n<meta property=\"og:title\" content=\"Contact - Son Caliu Spa Oasis\" \/>\n<meta property=\"og:url\" content=\"https:\/\/www.soncaliu.com\/fr\/contact-2\/\" \/>\n<meta property=\"og:site_name\" content=\"Son Caliu Spa Oasis\" \/>\n<meta property=\"article:modified_time\" content=\"2023-03-26T08:58:36+00:00\" \/>\n<meta property=\"og:image\" content=\"https:\/\/soncaliu.com\/wp-content\/uploads\/2021\/09\/contacto-1024x576.jpg\" \/>\n<meta name=\"twitter:card\" content=\"summary_large_image\" \/>\n<meta name=\"twitter:label1\" content=\"Dur\u00e9e de lecture estim\u00e9e\" \/>\n\t<meta name=\"twitter:data1\" content=\"1 minute\" \/>\n<script type=\"application\/ld+json\" class=\"yoast-schema-graph\">{\"@context\":\"https:\/\/schema.org\",\"@graph\":[{\"@type\":\"WebPage\",\"@id\":\"https:\/\/www.soncaliu.com\/fr\/contact-2\/\",\"url\":\"https:\/\/www.soncaliu.com\/fr\/contact-2\/\",\"name\":\"Contact - Son Caliu Spa Oasis\",\"isPartOf\":{\"@id\":\"https:\/\/www.soncaliu.com\/fr\/#website\"},\"primaryImageOfPage\":{\"@id\":\"https:\/\/www.soncaliu.com\/fr\/contact-2\/#primaryimage\"},\"image\":{\"@id\":\"https:\/\/www.soncaliu.com\/fr\/contact-2\/#primaryimage\"},\"thumbnailUrl\":\"https:\/\/soncaliu.com\/wp-content\/uploads\/2021\/09\/contacto-1024x576.jpg\",\"datePublished\":\"2023-03-26T08:44:04+00:00\",\"dateModified\":\"2023-03-26T08:58:36+00:00\",\"breadcrumb\":{\"@id\":\"https:\/\/www.soncaliu.com\/fr\/contact-2\/#breadcrumb\"},\"inLanguage\":\"fr-FR\",\"potentialAction\":[{\"@type\":\"ReadAction\",\"target\":[\"https:\/\/www.soncaliu.com\/fr\/contact-2\/\"]}]},{\"@type\":\"ImageObject\",\"inLanguage\":\"fr-FR\",\"@id\":\"https:\/\/www.soncaliu.com\/fr\/contact-2\/#primaryimage\",\"url\":\"https:\/\/soncaliu.com\/wp-content\/uploads\/2021\/09\/contacto-1024x576.jpg\",\"contentUrl\":\"https:\/\/soncaliu.com\/wp-content\/uploads\/2021\/09\/contacto-1024x576.jpg\"},{\"@type\":\"BreadcrumbList\",\"@id\":\"https:\/\/www.soncaliu.com\/fr\/contact-2\/#breadcrumb\",\"itemListElement\":[{\"@type\":\"ListItem\",\"position\":1,\"name\":\"Accueil\",\"item\":\"https:\/\/www.soncaliu.com\/fr\/\"},{\"@type\":\"ListItem\",\"position\":2,\"name\":\"Contact\"}]},{\"@type\":\"WebSite\",\"@id\":\"https:\/\/www.soncaliu.com\/fr\/#website\",\"url\":\"https:\/\/www.soncaliu.com\/fr\/\",\"name\":\"Son Caliu Spa Oasis\",\"description\":\"Just another WordPress site\",\"potentialAction\":[{\"@type\":\"SearchAction\",\"target\":{\"@type\":\"EntryPoint\",\"urlTemplate\":\"https:\/\/www.soncaliu.com\/fr\/?s={search_term_string}\"},\"query-input\":{\"@type\":\"PropertyValueSpecification\",\"valueRequired\":true,\"valueName\":\"search_term_string\"}}],\"inLanguage\":\"fr-FR\"}]}<\/script>\n<!-- \/ Yoast SEO plugin. -->","yoast_head_json":{"title":"Contact - Son Caliu Spa Oasis","robots":{"index":"index","follow":"follow","max-snippet":"max-snippet:-1","max-image-preview":"max-image-preview:large","max-video-preview":"max-video-preview:-1"},"canonical":"https:\/\/www.soncaliu.com\/fr\/contact-2\/","og_locale":"fr_FR","og_type":"article","og_title":"Contact - Son Caliu Spa Oasis","og_url":"https:\/\/www.soncaliu.com\/fr\/contact-2\/","og_site_name":"Son Caliu Spa Oasis","article_modified_time":"2023-03-26T08:58:36+00:00","og_image":[{"url":"https:\/\/soncaliu.com\/wp-content\/uploads\/2021\/09\/contacto-1024x576.jpg","type":"","width":"","height":""}],"twitter_card":"summary_large_image","twitter_misc":{"Dur\u00e9e de lecture estim\u00e9e":"1 minute"},"schema":{"@context":"https:\/\/schema.org","@graph":[{"@type":"WebPage","@id":"https:\/\/www.soncaliu.com\/fr\/contact-2\/","url":"https:\/\/www.soncaliu.com\/fr\/contact-2\/","name":"Contact - Son Caliu Spa Oasis","isPartOf":{"@id":"https:\/\/www.soncaliu.com\/fr\/#website"},"primaryImageOfPage":{"@id":"https:\/\/www.soncaliu.com\/fr\/contact-2\/#primaryimage"},"image":{"@id":"https:\/\/www.soncaliu.com\/fr\/contact-2\/#primaryimage"},"thumbnailUrl":"https:\/\/soncaliu.com\/wp-content\/uploads\/2021\/09\/contacto-1024x576.jpg","datePublished":"2023-03-26T08:44:04+00:00","dateModified":"2023-03-26T08:58:36+00:00","breadcrumb":{"@id":"https:\/\/www.soncaliu.com\/fr\/contact-2\/#breadcrumb"},"inLanguage":"fr-FR","potentialAction":[{"@type":"ReadAction","target":["https:\/\/www.soncaliu.com\/fr\/contact-2\/"]}]},{"@type":"ImageObject","inLanguage":"fr-FR","@id":"https:\/\/www.soncaliu.com\/fr\/contact-2\/#primaryimage","url":"https:\/\/soncaliu.com\/wp-content\/uploads\/2021\/09\/contacto-1024x576.jpg","contentUrl":"https:\/\/soncaliu.com\/wp-content\/uploads\/2021\/09\/contacto-1024x576.jpg"},{"@type":"BreadcrumbList","@id":"https:\/\/www.soncaliu.com\/fr\/contact-2\/#breadcrumb","itemListElement":[{"@type":"ListItem","position":1,"name":"Accueil","item":"https:\/\/www.soncaliu.com\/fr\/"},{"@type":"ListItem","position":2,"name":"Contact"}]},{"@type":"WebSite","@id":"https:\/\/www.soncaliu.com\/fr\/#website","url":"https:\/\/www.soncaliu.com\/fr\/","name":"Son Caliu Spa Oasis","description":"Just another WordPress site","potentialAction":[{"@type":"SearchAction","target":{"@type":"EntryPoint","urlTemplate":"https:\/\/www.soncaliu.com\/fr\/?s={search_term_string}"},"query-input":{"@type":"PropertyValueSpecification","valueRequired":true,"valueName":"search_term_string"}}],"inLanguage":"fr-FR"}]}},"_links":{"self":[{"href":"https:\/\/www.soncaliu.com\/fr\/wp-json\/wp\/v2\/pages\/6923","targetHints":{"allow":["GET"]}}],"collection":[{"href":"https:\/\/www.soncaliu.com\/fr\/wp-json\/wp\/v2\/pages"}],"about":[{"href":"https:\/\/www.soncaliu.com\/fr\/wp-json\/wp\/v2\/types\/page"}],"author":[{"embeddable":true,"href":"https:\/\/www.soncaliu.com\/fr\/wp-json\/wp\/v2\/users\/4"}],"replies":[{"embeddable":true,"href":"https:\/\/www.soncaliu.com\/fr\/wp-json\/wp\/v2\/comments?post=6923"}],"version-history":[{"count":1,"href":"https:\/\/www.soncaliu.com\/fr\/wp-json\/wp\/v2\/pages\/6923\/revisions"}],"predecessor-version":[{"id":12397,"href":"https:\/\/www.soncaliu.com\/fr\/wp-json\/wp\/v2\/pages\/6923\/revisions\/12397"}],"wp:attachment":[{"href":"https:\/\/www.soncaliu.com\/fr\/wp-json\/wp\/v2\/media?parent=6923"}],"curies":[{"name":"wp","href":"https:\/\/api.w.org\/{rel}","templated":true}]}}