{"id":5024,"date":"2021-09-17T09:31:35","date_gmt":"2021-09-17T09:31:35","guid":{"rendered":"https:\/\/new.soncaliu.com\/covid-19-protocols\/"},"modified":"2021-11-30T13:00:02","modified_gmt":"2021-11-30T13:00:02","slug":"protocoles-covid-19","status":"publish","type":"page","link":"https:\/\/www.soncaliu.com\/fr\/protocoles-covid-19\/","title":{"rendered":"Protocoles COVID-19"},"content":{"rendered":"\n<section class=\"wp-block-mkl-section-block section-main\"><div class=\"main-slider \" >\n  \n<div class=\"main-slider-item \" >\n  \n\n<figure class=\"wp-block-image size-full\"><img loading=\"lazy\" decoding=\"async\" width=\"1920\" height=\"1080\" src=\"https:\/\/soncaliu.com\/wp-content\/uploads\/2021\/09\/DSC06691.jpg\" alt=\"\" class=\"wp-image-5016\" srcset=\"https:\/\/www.soncaliu.com\/wp-content\/uploads\/2021\/09\/DSC06691.jpg 1920w, https:\/\/www.soncaliu.com\/wp-content\/uploads\/2021\/09\/DSC06691-300x169.jpg 300w, https:\/\/www.soncaliu.com\/wp-content\/uploads\/2021\/09\/DSC06691-1024x576.jpg 1024w, https:\/\/www.soncaliu.com\/wp-content\/uploads\/2021\/09\/DSC06691-768x432.jpg 768w, https:\/\/www.soncaliu.com\/wp-content\/uploads\/2021\/09\/DSC06691-1536x864.jpg 1536w\" sizes=\"auto, (max-width: 1920px) 100vw, 1920px\" \/><\/figure>\n\n\n<\/div>\n\n<\/div>\n\n\n<section class=\"wp-block-mkl-section-block main-sec\"><div class=\"container  \">\n  \n<div class=\"main-sec-wrap \" >\n  \n<div class=\" \" >\n  \n\n<h2 class=\"wp-block-heading\">Protocoles COVID-19<\/h2>\n\n\n<\/div>\n\n<\/div>\n\n<\/div><\/section>\n<\/section>\n\n\n\n<section class=\"wp-block-mkl-section-block section-infoline\"><div class=\"container  \">\n  \n<div class=\"breadcrumbs-wrap \" >\n  \n<div class=\"breadcrumbs-wrap__title \">Se trouve dans:<\/div>\n\n<span><span><a href=\"https:\/\/www.soncaliu.com\/fr\/\">Accueil<\/a><\/span><\/span>\n\n\n<\/div>\n\n<\/div><\/section>\n\n\n\n\n\n<section class=\"wp-block-mkl-section-block section-content dc-content\"><div class=\"container style-font \">\n  \n\n<div class=\"row\">\n<div class=\"col-lg-12 col-md-12\">\n<p>L\u2019Hotel Son Caliu Spa Oasis veut faire en sorte que vos vacances soient votre seule pr\u00e9occupation. C\u2019est pourquoi nous avons d\u00e9fini des protocoles d\u2019action et de pr\u00e9vention pour garantir la sant\u00e9 et le bien-\u00eatre de nos clients, travailleurs et partenaires dans tous nos \u00e9tablissements.<\/p>\n\n\n\n<p>Tous les protocoles et mesures de s\u00e9curit\u00e9 et d\u2019hygi\u00e8ne \u00e9tablis suivent les recommandations de l\u2019OMS et ont \u00e9t\u00e9 d\u00e9velopp\u00e9s en partenariat avec Biolinea, leader en s\u00e9curit\u00e9 alimentaire, hygi\u00e8ne et sant\u00e9, afin de garantir une mise en \u0153uvre optimale des mesures, fournir ainsi toutes les garanties et m\u00e9riter la confiance totale de nos clients.<\/p>\n\n\n\n<p>En outre, pour une efficacit\u00e9 optimale des proc\u00e9dures de nettoyage, tous nos employ\u00e9s ont re\u00e7u une formation sp\u00e9cifique assur\u00e9e par Johnson Diversey, leader international en proc\u00e9dures de nettoyage et d\u00e9sinfection.<\/p>\n\n\n\n<p>La s\u00e9curit\u00e9 et l\u2019hygi\u00e8ne de nos installations ont toujours constitu\u00e9 l\u2019une de nos priorit\u00e9s, mais aujourd\u2019hui plus que jamais, nous renfor\u00e7ons toutes les mesures pour que votre voyage soit une exp\u00e9rience s\u00fbre.<\/p>\n\n\n\n<p class=\"has-large-font-size\"><strong>L&rsquo;UTILISATION D&rsquo;UN MASQUE DANS L&rsquo;H\u00d4TEL<\/strong><\/p>\n\n\n\n<ul class=\"wp-block-list\"><li>Il ne sera pas obligatoire dans les situations de consommation de nourriture et de boissons, dans l&rsquo;espace piscine ou dans le jardin du spa<\/li><\/ul>\n\n\n\n<p><\/p>\n\n\n\n<p class=\"has-large-font-size\"><strong>PERSONNEL<\/strong><\/p>\n\n\n\n<ul class=\"wp-block-list\"><li>Formation de tout le personnel sur les mesures d\u2019hygi\u00e8ne et de pr\u00e9vention.<\/li><li>Personnel dot\u00e9 d\u2019\u00e9quipements de protection individuelle (EPI) et form\u00e9 pour les utiliser correctement et garantir la s\u00e9curit\u00e9 de tous.<\/li><li>Mesures de distanciation sociale.<\/li><li><\/li><\/ul>\n\n\n\n<p><\/p>\n\n\n\n<p class=\"has-large-font-size\"><strong>ZONES COMMUNES<\/strong><\/p>\n\n\n\n<ul class=\"wp-block-list\"><li>R\u00e9am\u00e9nagement des espaces communs et \u00e9tablissement de capacit\u00e9s maximales pour garantir la distance sociale minimale de s\u00e9curit\u00e9.<\/li><li>Augmentation de la fr\u00e9quence de nettoyage et de d\u00e9sinfection des zones publiques, en accordant une attention particuli\u00e8re aux toilettes et aux zones les plus expos\u00e9es au contact.<\/li><li>Ventilation quotidienne de toutes les zones.<\/li><li>Zones communes dot\u00e9es de nombreux distributeurs de gel hydroalcoolique.<\/li><\/ul>\n\n\n\n<p><\/p>\n\n\n\n<p class=\"has-large-font-size\"><strong>R\u00c9CEPTION<\/strong><\/p>\n\n\n\n<ul class=\"wp-block-list\"><li>Nouveau syst\u00e8me de check-in en ligne.<\/li><li>Mesures de distanciation sociale entre clients et employ\u00e9s, \u00e9crans de protection.<\/li><li>D\u00e9sinfection apr\u00e8s chaque utilisation des TPE, cl\u00e9s magn\u00e9tiques des chambres et autres objets communs.<\/li><li>Priorisation du syst\u00e8me de paiement par carte de cr\u00e9dit\u00a0<em>contactless<\/em>.<\/li><li>Mesures sp\u00e9cifiques d\u2019hygi\u00e8ne lors de la gestion des bagages.\u00a0<\/li><\/ul>\n\n\n\n<p><\/p>\n\n\n\n<p class=\"has-large-font-size\"><strong>CHAMBRES<\/strong><\/p>\n\n\n\n<ul class=\"wp-block-list\"><li>Nettoyage minutieux de toute la chambre, en accordant une attention particuli\u00e8re aux surfaces les plus expos\u00e9es au contact, telles qu\u2019interrupteurs, poign\u00e9es, portes et robinets.<\/li><li>Dans la mesure du possible, chaque chambre sera lib\u00e9r\u00e9e au moins 24 heures avant l\u2019entr\u00e9e du prochain client.<\/li><li>Nettoyage des v\u00eatements et du linge avec des programmes sp\u00e9ciaux garantissant une hygi\u00e8ne maximale.<\/li><li>Minibar* \u00e0 la demande ; en arrivant dans votre chambre le minibar contiendra 2 bouteilles d\u2019eau. Vous pouvez demander les autres produits \u00e0 la r\u00e9ception et les recevrez d\u00e8s que possible.<\/li><li><em>Amenities<\/em>\u00a0: gel, shampooing et lait corporel disponibles dans la chambre. Autres\u00a0<em>amenities<\/em>\u00a0\u00e0 la demande.<\/li><li>*Avec suppl\u00e9ment.<\/li><\/ul>\n\n\n\n<p><\/p>\n\n\n\n<p class=\"has-large-font-size\"><strong>RESTAURANTS ET BARS<\/strong><\/p>\n\n\n\n<ul class=\"wp-block-list\"><li>Contr\u00f4le de capacit\u00e9 dans l\u2019espace buffet, avec port obligatoire du masque.<\/li><li>\u00c0 titre provisoire, le d\u00eener pourrait \u00eatre propos\u00e9 sous forme de menu \u00e0 3 plats avec service \u00e0 table.<\/li><li>D\u00e9jeuner \u00e0 la carte, servi \u00e0 table.<\/li><li>Cartes \u00e0 usage unique, en papier recycl\u00e9 ou avec un code QR.<\/li><li>D\u00e9sinfection des tables et des chaises apr\u00e8s chaque utilisation.<\/li><li>Nettoyage de la vaisselle et des installations \u00e0 l\u2019aide de produits d\u00e9sinfectants, \u00e0 la fin de chaque service.<\/li><\/ul>\n\n\n\n<p><\/p>\n\n\n\n<p class=\"has-large-font-size\"><strong>PISCINES<\/strong><\/p>\n\n\n\n<ul class=\"wp-block-list\"><li>R\u00e9am\u00e9nagement du mobilier en laissant une distance minimale de 1,5 m\u00e8tres entre transats.<\/li><li>Capacit\u00e9s limit\u00e9es dans la zone de la piscine.<\/li><li>Intensification de l\u2019entretien et du nettoyage de l\u2019eau de la piscine pour garantir une qualit\u00e9 optimale de celle-ci.<\/li><li>Augmentation de la fr\u00e9quence du nettoyage et de la d\u00e9sinfection de la zone de la piscine et de son mobilier.<\/li><li>Remise de serviettes de bain emball\u00e9es individuellement, pour davantage d\u2019hygi\u00e8ne.<\/li><\/ul>\n\n\n\n<p><\/p>\n\n\n\n<p class=\"has-large-font-size\"><strong>SPA<\/strong><\/p>\n\n\n\n<ul class=\"wp-block-list\"><li>Horaires r\u00e9duits et contr\u00f4le de la capacit\u00e9 (de 9 h \u00e0 19 h).<\/li><li>Acc\u00e8s aux saunas sur r\u00e9servation, \u00e0 partir de 10 h.<\/li><li>Capacit\u00e9s limit\u00e9es, en garantissant la distance minimale de s\u00e9curit\u00e9.<\/li><li>Carte des traitements adapt\u00e9e aux nouvelles directives, disponible sur notre site.<\/li><li>Le gymnase est ouvert avec un nombre limit\u00e9 de places et sur rendez-vous uniquement.<\/li><\/ul>\n\n\n\n<p><\/p>\n\n\n\n<p class=\"has-large-font-size\"><strong>FOURNISSEURS<\/strong><\/p>\n\n\n\n<ul class=\"wp-block-list\"><li>Contr\u00f4le d\u2019acc\u00e8s des fournisseurs et mesures de s\u00e9curit\u00e9 et d\u2019hygi\u00e8ne suppl\u00e9mentaires (masque, surchaussures, gants).<\/li><li>\u00c9tablissement de zones de d\u00e9chargement, d\u00e9sinfection et zone propre.<\/li><\/ul>\n\n\n\n<p><\/p>\n\n\n\n<p class=\"has-large-font-size\"><strong>\u00c9V\u00c8NEMENTS<\/strong><\/p>\n\n\n\n<ul class=\"wp-block-list\"><li>R\u00e9am\u00e9nagement des capacit\u00e9s pour garantir la distance minimale de s\u00e9curit\u00e9.<\/li><li>F&amp;B assist\u00e9.<\/li><\/ul>\n<\/div>\n<\/div>\n\n\n<\/div><\/section>\n\n\n\n<section class=\"wp-block-mkl-section-block section-advantages\"><div class=\"section-bg bg__stretched\" style=\"background-image:url(https:\/\/soncaliu.com\/wp-content\/uploads\/2021\/08\/bg-1-1024x401.jpg);opacity:1\"><\/div><div class=\"container  \">\n  \n\n<h3 class=\"wp-block-heading has-text-align-center\" id=\"disfrute-de-las-mejores-ventajas\"><mark style=\"background-color: rgba(0, 0, 0, 0);\" class=\"has-inline-color has-white-color\">Profitez des meilleurs avantages<\/mark><\/h3>\n\n\n\n<h2 class=\"wp-block-heading has-text-align-center\" id=\"ventajas-exclusivas-al-reservar-en-nuestra-pagina-oficial\"><mark style=\"background-color: rgba(0, 0, 0, 0);\" class=\"has-inline-color has-white-color\">Les avantages exclusifs de la r\u00e9servation sur<\/mark> <strong><em><mark style=\"background-color: rgba(0, 0, 0, 0);\" class=\"has-inline-color has-white-color\">notre site web<\/mark><\/em><\/strong><\/h2>\n\n\n\n<div class=\"row-adv row-adv-2 row align-items-center\">\n\n\n<div class=\"col-lg-3 col-md-6\"><div class=\"dc-ics-b \" >\n  \n<div class=\"dc-ics-b__circle \" >\n  \n  <i class=\"icon-ic-money\"><\/i>\n\n<\/div>\n\n<div class=\"dc-ics-b__txt \">Meilleur prix garanti. Nos meilleures offres sont sur notre site<\/div>\n\n<\/div><\/div>\n\n\n\n<div class=\"col-lg-3 col-md-6\"><div class=\"dc-ics-b \" >\n  \n<div class=\"dc-ics-b__circle \" >\n  \n\n<svg width=\"72px\" height=\"72px\" viewbox=\"0 0 72 72\" version=\"1.1\" xmlns=\"http:\/\/www.w3.org\/2000\/svg\" xmlns:xlink=\"http:\/\/www.w3.org\/1999\/xlink\">\r\n    <g id=\"Symbols\" stroke=\"none\" stroke-width=\"1\" fill=\"none\" fill-rule=\"evenodd\">\r\n        <g id=\"6-Ventajas\" transform=\"translate(-467.000000, -385.000000)\">\r\n            <g id=\"Group-7\" transform=\"translate(48.000000, 384.000000)\">\r\n                <g id=\"Group-9-Copy\" transform=\"translate(305.000000, 2.000000)\">\r\n                    <g id=\"Group-4\" transform=\"translate(115.000000, 0.000000)\">\r\n                        <path d=\"M35.00089,23.0967205 C35.4761575,24.0383385 44.0000002,31.4474391 44.0000002,37.3284575 C44.0000002,41.7387095 41.0330493,46.9513839 35.00089,47.0005117 C28.9687307,46.9513839 26.0039159,41.7387095 25.9996422,37.3284575 C25.9953717,31.4474391 34.5213505,24.0383385 35.00089,23.0967205 Z M34.998754,26.2378353 C32.7003817,28.6768306 28.1335415,33.6817348 28.1356768,37.327434 C28.1378136,40.2536142 30.0111152,44.9125762 35.0179783,44.9535161 C39.9949369,44.9125762 41.8639665,40.2556612 41.8639665,37.3284575 C41.8639665,33.6817348 37.2949903,28.6747836 34.998754,26.2378353 Z M29.6099076,36.5185637 C29.8840314,36.5185637 30.1059411,36.7089343 30.1059411,36.9463858 C30.1083145,38.9739349 31.4160392,42.0055354 35.0057554,42.0444283 C35.2810659,42.0464753 35.4994156,42.2409399 35.4970614,42.4773679 C35.4946688,42.7117489 35.2727591,42.9000725 35.0010087,42.9000725 C30.6850425,42.8550386 29.1162475,39.3147597 29.1138741,36.9463858 C29.1138741,36.7099578 29.3369705,36.5185637 29.6099076,36.5185637 Z\" id=\"Combined-Shape\" fill=\"#FFFFFF\"><\/path>\r\n                    <\/g>\r\n                <\/g>\r\n            <\/g>\r\n        <\/g>\r\n    <\/g>\r\n<\/svg>\n\n\n<\/div>\n\n<div class=\"dc-ics-b__txt \">Acc\u00e8s gratuit au Spa Oasis<\/div>\n\n<\/div><\/div>\n\n\n\n<div class=\"col-lg-3 col-md-6\"><div class=\"dc-ics-b \" >\n  \n<div class=\"dc-ics-b__circle \" >\n  \n  <i class=\"icon-ic-cocktail\"><\/i>\n\n<\/div>\n\n<div class=\"dc-ics-b__txt \">Attentions de bienvenue \u00e0 l\u2019arriv\u00e9e<\/div>\n\n<\/div><\/div>\n\n\n\n\n\n<div class=\"col-lg-3 col-md-6\"><div class=\"dc-ics-b \" >\n  \n<div class=\"dc-ics-b__circle \" >\n  \n  <i class=\"icon-ic-wifi\"><\/i>\n\n<\/div>\n\n<div class=\"dc-ics-b__txt \">WiFi gratuit<\/div>\n\n<\/div><\/div>\n<\/div>\n\n\n<div class=\"text-center link-flash \" >\n  \n\n<h4 class=\"wp-block-heading has-text-align-center js-linkBook\" id=\"reservar-ahora-al-mejor-precio\"><a href=\"#\">R\u00e9servez maintenant au&nbsp;<em>meilleur prix<\/em><\/a><\/h4>\n\n\n<\/div>\n\n<\/div><\/section>\n","protected":false},"excerpt":{"rendered":"","protected":false},"author":4,"featured_media":0,"parent":0,"menu_order":0,"comment_status":"closed","ping_status":"closed","template":"page-map.php","meta":{"footnotes":""},"class_list":["post-5024","page","type-page","status-publish","hentry"],"yoast_head":"<!-- This site is optimized with the Yoast SEO plugin v27.1.1 - https:\/\/yoast.com\/product\/yoast-seo-wordpress\/ -->\n<title>Protocoles COVID-19 - Son Caliu Spa Oasis<\/title>\n<meta name=\"robots\" content=\"index, follow, max-snippet:-1, max-image-preview:large, max-video-preview:-1\" \/>\n<link rel=\"canonical\" href=\"https:\/\/www.soncaliu.com\/fr\/protocoles-covid-19\/\" \/>\n<meta property=\"og:locale\" content=\"fr_FR\" \/>\n<meta property=\"og:type\" content=\"article\" \/>\n<meta property=\"og:title\" content=\"Protocoles COVID-19 - Son Caliu Spa Oasis\" \/>\n<meta property=\"og:url\" content=\"https:\/\/www.soncaliu.com\/fr\/protocoles-covid-19\/\" \/>\n<meta property=\"og:site_name\" content=\"Son Caliu Spa Oasis\" \/>\n<meta property=\"article:modified_time\" content=\"2021-11-30T13:00:02+00:00\" \/>\n<meta property=\"og:image\" content=\"https:\/\/soncaliu.com\/wp-content\/uploads\/2021\/09\/DSC06691.jpg\" \/>\n<meta name=\"twitter:card\" content=\"summary_large_image\" \/>\n<meta name=\"twitter:label1\" content=\"Dur\u00e9e de lecture estim\u00e9e\" \/>\n\t<meta name=\"twitter:data1\" content=\"4 minutes\" \/>\n<script type=\"application\/ld+json\" class=\"yoast-schema-graph\">{\"@context\":\"https:\/\/schema.org\",\"@graph\":[{\"@type\":\"WebPage\",\"@id\":\"https:\/\/www.soncaliu.com\/fr\/protocoles-covid-19\/\",\"url\":\"https:\/\/www.soncaliu.com\/fr\/protocoles-covid-19\/\",\"name\":\"Protocoles COVID-19 - Son Caliu Spa Oasis\",\"isPartOf\":{\"@id\":\"https:\/\/www.soncaliu.com\/fr\/#website\"},\"primaryImageOfPage\":{\"@id\":\"https:\/\/www.soncaliu.com\/fr\/protocoles-covid-19\/#primaryimage\"},\"image\":{\"@id\":\"https:\/\/www.soncaliu.com\/fr\/protocoles-covid-19\/#primaryimage\"},\"thumbnailUrl\":\"https:\/\/soncaliu.com\/wp-content\/uploads\/2021\/09\/DSC06691.jpg\",\"datePublished\":\"2021-09-17T09:31:35+00:00\",\"dateModified\":\"2021-11-30T13:00:02+00:00\",\"breadcrumb\":{\"@id\":\"https:\/\/www.soncaliu.com\/fr\/protocoles-covid-19\/#breadcrumb\"},\"inLanguage\":\"fr-FR\",\"potentialAction\":[{\"@type\":\"ReadAction\",\"target\":[\"https:\/\/www.soncaliu.com\/fr\/protocoles-covid-19\/\"]}]},{\"@type\":\"ImageObject\",\"inLanguage\":\"fr-FR\",\"@id\":\"https:\/\/www.soncaliu.com\/fr\/protocoles-covid-19\/#primaryimage\",\"url\":\"https:\/\/soncaliu.com\/wp-content\/uploads\/2021\/09\/DSC06691.jpg\",\"contentUrl\":\"https:\/\/soncaliu.com\/wp-content\/uploads\/2021\/09\/DSC06691.jpg\"},{\"@type\":\"BreadcrumbList\",\"@id\":\"https:\/\/www.soncaliu.com\/fr\/protocoles-covid-19\/#breadcrumb\",\"itemListElement\":[{\"@type\":\"ListItem\",\"position\":1,\"name\":\"Accueil\",\"item\":\"https:\/\/www.soncaliu.com\/fr\/\"},{\"@type\":\"ListItem\",\"position\":2,\"name\":\"Protocoles COVID-19\"}]},{\"@type\":\"WebSite\",\"@id\":\"https:\/\/www.soncaliu.com\/fr\/#website\",\"url\":\"https:\/\/www.soncaliu.com\/fr\/\",\"name\":\"Son Caliu Spa Oasis\",\"description\":\"Just another WordPress site\",\"potentialAction\":[{\"@type\":\"SearchAction\",\"target\":{\"@type\":\"EntryPoint\",\"urlTemplate\":\"https:\/\/www.soncaliu.com\/fr\/?s={search_term_string}\"},\"query-input\":{\"@type\":\"PropertyValueSpecification\",\"valueRequired\":true,\"valueName\":\"search_term_string\"}}],\"inLanguage\":\"fr-FR\"}]}<\/script>\n<!-- \/ Yoast SEO plugin. -->","yoast_head_json":{"title":"Protocoles COVID-19 - Son Caliu Spa Oasis","robots":{"index":"index","follow":"follow","max-snippet":"max-snippet:-1","max-image-preview":"max-image-preview:large","max-video-preview":"max-video-preview:-1"},"canonical":"https:\/\/www.soncaliu.com\/fr\/protocoles-covid-19\/","og_locale":"fr_FR","og_type":"article","og_title":"Protocoles COVID-19 - Son Caliu Spa Oasis","og_url":"https:\/\/www.soncaliu.com\/fr\/protocoles-covid-19\/","og_site_name":"Son Caliu Spa Oasis","article_modified_time":"2021-11-30T13:00:02+00:00","og_image":[{"url":"https:\/\/soncaliu.com\/wp-content\/uploads\/2021\/09\/DSC06691.jpg","type":"","width":"","height":""}],"twitter_card":"summary_large_image","twitter_misc":{"Dur\u00e9e de lecture estim\u00e9e":"4 minutes"},"schema":{"@context":"https:\/\/schema.org","@graph":[{"@type":"WebPage","@id":"https:\/\/www.soncaliu.com\/fr\/protocoles-covid-19\/","url":"https:\/\/www.soncaliu.com\/fr\/protocoles-covid-19\/","name":"Protocoles COVID-19 - Son Caliu Spa Oasis","isPartOf":{"@id":"https:\/\/www.soncaliu.com\/fr\/#website"},"primaryImageOfPage":{"@id":"https:\/\/www.soncaliu.com\/fr\/protocoles-covid-19\/#primaryimage"},"image":{"@id":"https:\/\/www.soncaliu.com\/fr\/protocoles-covid-19\/#primaryimage"},"thumbnailUrl":"https:\/\/soncaliu.com\/wp-content\/uploads\/2021\/09\/DSC06691.jpg","datePublished":"2021-09-17T09:31:35+00:00","dateModified":"2021-11-30T13:00:02+00:00","breadcrumb":{"@id":"https:\/\/www.soncaliu.com\/fr\/protocoles-covid-19\/#breadcrumb"},"inLanguage":"fr-FR","potentialAction":[{"@type":"ReadAction","target":["https:\/\/www.soncaliu.com\/fr\/protocoles-covid-19\/"]}]},{"@type":"ImageObject","inLanguage":"fr-FR","@id":"https:\/\/www.soncaliu.com\/fr\/protocoles-covid-19\/#primaryimage","url":"https:\/\/soncaliu.com\/wp-content\/uploads\/2021\/09\/DSC06691.jpg","contentUrl":"https:\/\/soncaliu.com\/wp-content\/uploads\/2021\/09\/DSC06691.jpg"},{"@type":"BreadcrumbList","@id":"https:\/\/www.soncaliu.com\/fr\/protocoles-covid-19\/#breadcrumb","itemListElement":[{"@type":"ListItem","position":1,"name":"Accueil","item":"https:\/\/www.soncaliu.com\/fr\/"},{"@type":"ListItem","position":2,"name":"Protocoles COVID-19"}]},{"@type":"WebSite","@id":"https:\/\/www.soncaliu.com\/fr\/#website","url":"https:\/\/www.soncaliu.com\/fr\/","name":"Son Caliu Spa Oasis","description":"Just another WordPress site","potentialAction":[{"@type":"SearchAction","target":{"@type":"EntryPoint","urlTemplate":"https:\/\/www.soncaliu.com\/fr\/?s={search_term_string}"},"query-input":{"@type":"PropertyValueSpecification","valueRequired":true,"valueName":"search_term_string"}}],"inLanguage":"fr-FR"}]}},"_links":{"self":[{"href":"https:\/\/www.soncaliu.com\/fr\/wp-json\/wp\/v2\/pages\/5024","targetHints":{"allow":["GET"]}}],"collection":[{"href":"https:\/\/www.soncaliu.com\/fr\/wp-json\/wp\/v2\/pages"}],"about":[{"href":"https:\/\/www.soncaliu.com\/fr\/wp-json\/wp\/v2\/types\/page"}],"author":[{"embeddable":true,"href":"https:\/\/www.soncaliu.com\/fr\/wp-json\/wp\/v2\/users\/4"}],"replies":[{"embeddable":true,"href":"https:\/\/www.soncaliu.com\/fr\/wp-json\/wp\/v2\/comments?post=5024"}],"version-history":[{"count":1,"href":"https:\/\/www.soncaliu.com\/fr\/wp-json\/wp\/v2\/pages\/5024\/revisions"}],"predecessor-version":[{"id":5029,"href":"https:\/\/www.soncaliu.com\/fr\/wp-json\/wp\/v2\/pages\/5024\/revisions\/5029"}],"wp:attachment":[{"href":"https:\/\/www.soncaliu.com\/fr\/wp-json\/wp\/v2\/media?parent=5024"}],"curies":[{"name":"wp","href":"https:\/\/api.w.org\/{rel}","templated":true}]}}