{"id":17469,"date":"2026-03-18T16:04:30","date_gmt":"2026-03-18T16:04:30","guid":{"rendered":"https:\/\/www.soncaliu.com\/?page_id=17469"},"modified":"2026-03-18T16:04:30","modified_gmt":"2026-03-18T16:04:30","slug":"developpement-durable","status":"publish","type":"page","link":"https:\/\/www.soncaliu.com\/fr\/developpement-durable\/","title":{"rendered":"D\u00e9veloppement durable"},"content":{"rendered":"\n<section class=\"wp-block-mkl-section-block section-main\"><div class=\"main-slider \" >\n  \n<div class=\"main-slider-item \" >\n  \n\n<figure class=\"wp-block-image size-large\"><img loading=\"lazy\" decoding=\"async\" width=\"1024\" height=\"576\" src=\"https:\/\/www.soncaliu.com\/wp-content\/uploads\/2026\/03\/Sostenibilidad_BG_02-1024x576.jpg\" alt=\"\" class=\"wp-image-17485\" srcset=\"https:\/\/www.soncaliu.com\/wp-content\/uploads\/2026\/03\/Sostenibilidad_BG_02-1024x576.jpg 1024w, https:\/\/www.soncaliu.com\/wp-content\/uploads\/2026\/03\/Sostenibilidad_BG_02-300x169.jpg 300w, https:\/\/www.soncaliu.com\/wp-content\/uploads\/2026\/03\/Sostenibilidad_BG_02-768x432.jpg 768w, https:\/\/www.soncaliu.com\/wp-content\/uploads\/2026\/03\/Sostenibilidad_BG_02-1536x864.jpg 1536w, https:\/\/www.soncaliu.com\/wp-content\/uploads\/2026\/03\/Sostenibilidad_BG_02.jpg 1920w\" sizes=\"auto, (max-width: 1024px) 100vw, 1024px\" \/><\/figure>\n\n\n<\/div>\n\n<\/div>\n\n\n<section class=\"wp-block-mkl-section-block main-sec\"><div class=\"container  \">\n  \n<div class=\"main-sec-wrap \" >\n  \n<div class=\" \" >\n  \n\n<h2 class=\"wp-block-heading\">D\u00e9veloppement durable<\/h2>\n\n\n\n<div style=\"height:100px\" aria-hidden=\"true\" class=\"wp-block-spacer\"><\/div>\n\n\n\n<figure class=\"wp-block-image size-large text-lg-center\"><img loading=\"lazy\" decoding=\"async\" width=\"1024\" height=\"111\" src=\"https:\/\/www.soncaliu.com\/wp-content\/uploads\/2026\/03\/Logos-NextGeneration-1024x111.png\" alt=\"\" class=\"wp-image-17712\" srcset=\"https:\/\/www.soncaliu.com\/wp-content\/uploads\/2026\/03\/Logos-NextGeneration-1024x111.png 1024w, https:\/\/www.soncaliu.com\/wp-content\/uploads\/2026\/03\/Logos-NextGeneration-300x33.png 300w, https:\/\/www.soncaliu.com\/wp-content\/uploads\/2026\/03\/Logos-NextGeneration-768x83.png 768w, https:\/\/www.soncaliu.com\/wp-content\/uploads\/2026\/03\/Logos-NextGeneration.png 1380w\" sizes=\"auto, (max-width: 1024px) 100vw, 1024px\" \/><\/figure>\n\n\n<\/div>\n\n<\/div>\n\n<\/div><\/section>\n<\/section>\n\n<section class=\"wp-block-mkl-section-block section-infoline\"><div class=\"container  \">\n  \n<div class=\"breadcrumbs-wrap \" >\n  \n<div class=\"breadcrumbs-wrap__title \">Se encuentra en:<\/div>\n\n<span><span><a href=\"https:\/\/www.soncaliu.com\/fr\/\">Accueil<\/a><\/span><\/span>\n\n\n<\/div>\n\n<\/div><\/section>\n\n<section class=\"wp-block-mkl-section-block section-image section-image_1 section-image_thm1\"><div class=\"container  \">\n  \n<div class=\"row-img-content -content-left \" >\n  \n<div class=\"col-content-l \" >\n  \n<div class=\"img-content \" >\n  \n\n<p><span style=\"font-weight: 400;\">\u00c0 l\u2019H\u00f4tel Son Caliu Spa Oasis, nous sommes engag\u00e9s dans la lutte contre le changement climatique et la r\u00e9duction des \u00e9missions de CO\u2082. C\u2019est pourquoi nous avons r\u00e9alis\u00e9 l\u2019installation d\u2019un syst\u00e8me photovolta\u00efque sur le toit de l\u2019h\u00f4tel. Cette installation comprend la pose de 178 panneaux solaires de 0,510 kWp et d\u2019un onduleur de 100 kW, ce qui permettra de produire plus de 121,62 MWh d\u2019\u00e9nergie renouvelable par an et d\u2019\u00e9viter l\u2019\u00e9mission d\u2019environ 45,48 tonnes de CO\u2082 par an. Ce projet a repr\u00e9sent\u00e9 un investissement total de 90 854,40 euros, dont 22 713,60 euros ont \u00e9t\u00e9 financ\u00e9s par les fonds <strong>NextGeneration EU dans le cadre du Plan de relance, de transformation et de r\u00e9silience<\/strong>.<\/span><span style=\"font-weight: 400;\">&#13;\n<\/span><\/p>\n\n\n<\/div>\n\n<\/div>\n\n<div class=\"col-content-r \" >\n  \n\n<figure class=\"wp-block-image size-full d-block\"><img loading=\"lazy\" decoding=\"async\" width=\"824\" height=\"940\" src=\"https:\/\/www.soncaliu.com\/wp-content\/uploads\/2026\/03\/Sustainability_02.jpg\" alt=\"\" class=\"wp-image-17679\" srcset=\"https:\/\/www.soncaliu.com\/wp-content\/uploads\/2026\/03\/Sustainability_02.jpg 824w, https:\/\/www.soncaliu.com\/wp-content\/uploads\/2026\/03\/Sustainability_02-263x300.jpg 263w, https:\/\/www.soncaliu.com\/wp-content\/uploads\/2026\/03\/Sustainability_02-768x876.jpg 768w\" sizes=\"auto, (max-width: 824px) 100vw, 824px\" \/><\/figure>\n\n\n<\/div>\n\n<\/div>\n\n<\/div><\/section>\n","protected":false},"excerpt":{"rendered":"","protected":false},"author":4,"featured_media":0,"parent":0,"menu_order":0,"comment_status":"closed","ping_status":"closed","template":"page-map.php","meta":{"footnotes":""},"class_list":["post-17469","page","type-page","status-publish","hentry"],"yoast_head":"<!-- This site is optimized with the Yoast SEO plugin v27.1.1 - https:\/\/yoast.com\/product\/yoast-seo-wordpress\/ -->\n<title>D\u00e9veloppement durable - Son Caliu Spa Oasis<\/title>\n<meta name=\"robots\" content=\"index, follow, max-snippet:-1, max-image-preview:large, max-video-preview:-1\" \/>\n<link rel=\"canonical\" href=\"https:\/\/www.soncaliu.com\/fr\/developpement-durable\/\" \/>\n<meta property=\"og:locale\" content=\"fr_FR\" \/>\n<meta property=\"og:type\" content=\"article\" \/>\n<meta property=\"og:title\" content=\"D\u00e9veloppement durable - Son Caliu Spa Oasis\" \/>\n<meta property=\"og:url\" content=\"https:\/\/www.soncaliu.com\/fr\/developpement-durable\/\" \/>\n<meta property=\"og:site_name\" content=\"Son Caliu Spa Oasis\" \/>\n<meta property=\"og:image\" content=\"https:\/\/www.soncaliu.com\/wp-content\/uploads\/2026\/03\/Sostenibilidad_BG_02.jpg\" \/>\n\t<meta property=\"og:image:width\" content=\"1920\" \/>\n\t<meta property=\"og:image:height\" content=\"1080\" \/>\n\t<meta property=\"og:image:type\" content=\"image\/jpeg\" \/>\n<meta name=\"twitter:card\" content=\"summary_large_image\" \/>\n<meta name=\"twitter:label1\" content=\"Dur\u00e9e de lecture estim\u00e9e\" \/>\n\t<meta name=\"twitter:data1\" content=\"1 minute\" \/>\n<script type=\"application\/ld+json\" class=\"yoast-schema-graph\">{\"@context\":\"https:\/\/schema.org\",\"@graph\":[{\"@type\":\"WebPage\",\"@id\":\"https:\/\/www.soncaliu.com\/fr\/developpement-durable\/\",\"url\":\"https:\/\/www.soncaliu.com\/fr\/developpement-durable\/\",\"name\":\"D\u00e9veloppement durable - Son Caliu Spa Oasis\",\"isPartOf\":{\"@id\":\"https:\/\/www.soncaliu.com\/fr\/#website\"},\"primaryImageOfPage\":{\"@id\":\"https:\/\/www.soncaliu.com\/fr\/developpement-durable\/#primaryimage\"},\"image\":{\"@id\":\"https:\/\/www.soncaliu.com\/fr\/developpement-durable\/#primaryimage\"},\"thumbnailUrl\":\"https:\/\/www.soncaliu.com\/wp-content\/uploads\/2026\/03\/Sostenibilidad_BG_02-1024x576.jpg\",\"datePublished\":\"2026-03-18T16:04:30+00:00\",\"breadcrumb\":{\"@id\":\"https:\/\/www.soncaliu.com\/fr\/developpement-durable\/#breadcrumb\"},\"inLanguage\":\"fr-FR\",\"potentialAction\":[{\"@type\":\"ReadAction\",\"target\":[\"https:\/\/www.soncaliu.com\/fr\/developpement-durable\/\"]}]},{\"@type\":\"ImageObject\",\"inLanguage\":\"fr-FR\",\"@id\":\"https:\/\/www.soncaliu.com\/fr\/developpement-durable\/#primaryimage\",\"url\":\"https:\/\/www.soncaliu.com\/wp-content\/uploads\/2026\/03\/Sostenibilidad_BG_02-1024x576.jpg\",\"contentUrl\":\"https:\/\/www.soncaliu.com\/wp-content\/uploads\/2026\/03\/Sostenibilidad_BG_02-1024x576.jpg\"},{\"@type\":\"BreadcrumbList\",\"@id\":\"https:\/\/www.soncaliu.com\/fr\/developpement-durable\/#breadcrumb\",\"itemListElement\":[{\"@type\":\"ListItem\",\"position\":1,\"name\":\"Accueil\",\"item\":\"https:\/\/www.soncaliu.com\/fr\/\"},{\"@type\":\"ListItem\",\"position\":2,\"name\":\"D\u00e9veloppement durable\"}]},{\"@type\":\"WebSite\",\"@id\":\"https:\/\/www.soncaliu.com\/fr\/#website\",\"url\":\"https:\/\/www.soncaliu.com\/fr\/\",\"name\":\"Son Caliu Spa Oasis\",\"description\":\"Just another WordPress site\",\"potentialAction\":[{\"@type\":\"SearchAction\",\"target\":{\"@type\":\"EntryPoint\",\"urlTemplate\":\"https:\/\/www.soncaliu.com\/fr\/?s={search_term_string}\"},\"query-input\":{\"@type\":\"PropertyValueSpecification\",\"valueRequired\":true,\"valueName\":\"search_term_string\"}}],\"inLanguage\":\"fr-FR\"}]}<\/script>\n<!-- \/ Yoast SEO plugin. -->","yoast_head_json":{"title":"D\u00e9veloppement durable - Son Caliu Spa Oasis","robots":{"index":"index","follow":"follow","max-snippet":"max-snippet:-1","max-image-preview":"max-image-preview:large","max-video-preview":"max-video-preview:-1"},"canonical":"https:\/\/www.soncaliu.com\/fr\/developpement-durable\/","og_locale":"fr_FR","og_type":"article","og_title":"D\u00e9veloppement durable - Son Caliu Spa Oasis","og_url":"https:\/\/www.soncaliu.com\/fr\/developpement-durable\/","og_site_name":"Son Caliu Spa Oasis","og_image":[{"width":1920,"height":1080,"url":"https:\/\/www.soncaliu.com\/wp-content\/uploads\/2026\/03\/Sostenibilidad_BG_02.jpg","type":"image\/jpeg"}],"twitter_card":"summary_large_image","twitter_misc":{"Dur\u00e9e de lecture estim\u00e9e":"1 minute"},"schema":{"@context":"https:\/\/schema.org","@graph":[{"@type":"WebPage","@id":"https:\/\/www.soncaliu.com\/fr\/developpement-durable\/","url":"https:\/\/www.soncaliu.com\/fr\/developpement-durable\/","name":"D\u00e9veloppement durable - Son Caliu Spa Oasis","isPartOf":{"@id":"https:\/\/www.soncaliu.com\/fr\/#website"},"primaryImageOfPage":{"@id":"https:\/\/www.soncaliu.com\/fr\/developpement-durable\/#primaryimage"},"image":{"@id":"https:\/\/www.soncaliu.com\/fr\/developpement-durable\/#primaryimage"},"thumbnailUrl":"https:\/\/www.soncaliu.com\/wp-content\/uploads\/2026\/03\/Sostenibilidad_BG_02-1024x576.jpg","datePublished":"2026-03-18T16:04:30+00:00","breadcrumb":{"@id":"https:\/\/www.soncaliu.com\/fr\/developpement-durable\/#breadcrumb"},"inLanguage":"fr-FR","potentialAction":[{"@type":"ReadAction","target":["https:\/\/www.soncaliu.com\/fr\/developpement-durable\/"]}]},{"@type":"ImageObject","inLanguage":"fr-FR","@id":"https:\/\/www.soncaliu.com\/fr\/developpement-durable\/#primaryimage","url":"https:\/\/www.soncaliu.com\/wp-content\/uploads\/2026\/03\/Sostenibilidad_BG_02-1024x576.jpg","contentUrl":"https:\/\/www.soncaliu.com\/wp-content\/uploads\/2026\/03\/Sostenibilidad_BG_02-1024x576.jpg"},{"@type":"BreadcrumbList","@id":"https:\/\/www.soncaliu.com\/fr\/developpement-durable\/#breadcrumb","itemListElement":[{"@type":"ListItem","position":1,"name":"Accueil","item":"https:\/\/www.soncaliu.com\/fr\/"},{"@type":"ListItem","position":2,"name":"D\u00e9veloppement durable"}]},{"@type":"WebSite","@id":"https:\/\/www.soncaliu.com\/fr\/#website","url":"https:\/\/www.soncaliu.com\/fr\/","name":"Son Caliu Spa Oasis","description":"Just another WordPress site","potentialAction":[{"@type":"SearchAction","target":{"@type":"EntryPoint","urlTemplate":"https:\/\/www.soncaliu.com\/fr\/?s={search_term_string}"},"query-input":{"@type":"PropertyValueSpecification","valueRequired":true,"valueName":"search_term_string"}}],"inLanguage":"fr-FR"}]}},"_links":{"self":[{"href":"https:\/\/www.soncaliu.com\/fr\/wp-json\/wp\/v2\/pages\/17469","targetHints":{"allow":["GET"]}}],"collection":[{"href":"https:\/\/www.soncaliu.com\/fr\/wp-json\/wp\/v2\/pages"}],"about":[{"href":"https:\/\/www.soncaliu.com\/fr\/wp-json\/wp\/v2\/types\/page"}],"author":[{"embeddable":true,"href":"https:\/\/www.soncaliu.com\/fr\/wp-json\/wp\/v2\/users\/4"}],"replies":[{"embeddable":true,"href":"https:\/\/www.soncaliu.com\/fr\/wp-json\/wp\/v2\/comments?post=17469"}],"version-history":[{"count":3,"href":"https:\/\/www.soncaliu.com\/fr\/wp-json\/wp\/v2\/pages\/17469\/revisions"}],"predecessor-version":[{"id":17716,"href":"https:\/\/www.soncaliu.com\/fr\/wp-json\/wp\/v2\/pages\/17469\/revisions\/17716"}],"wp:attachment":[{"href":"https:\/\/www.soncaliu.com\/fr\/wp-json\/wp\/v2\/media?parent=17469"}],"curies":[{"name":"wp","href":"https:\/\/api.w.org\/{rel}","templated":true}]}}