{"id":5015,"date":"2021-09-17T09:31:35","date_gmt":"2021-09-17T09:31:35","guid":{"rendered":"https:\/\/new.soncaliu.com\/protocolo-contra-la-covid-19\/"},"modified":"2021-11-30T12:17:45","modified_gmt":"2021-11-30T12:17:45","slug":"covid-19-protocols","status":"publish","type":"page","link":"https:\/\/www.soncaliu.com\/en\/covid-19-protocols\/","title":{"rendered":"COVID-19 protocols"},"content":{"rendered":"\n<section class=\"wp-block-mkl-section-block section-main\"><div class=\"main-slider \" >\n  \n<div class=\"main-slider-item \" >\n  \n\n<figure class=\"wp-block-image size-full\"><img loading=\"lazy\" decoding=\"async\" width=\"1920\" height=\"1080\" src=\"https:\/\/soncaliu.com\/wp-content\/uploads\/2021\/09\/DSC06691.jpg\" alt=\"\" class=\"wp-image-5016\" srcset=\"https:\/\/www.soncaliu.com\/wp-content\/uploads\/2021\/09\/DSC06691.jpg 1920w, https:\/\/www.soncaliu.com\/wp-content\/uploads\/2021\/09\/DSC06691-300x169.jpg 300w, https:\/\/www.soncaliu.com\/wp-content\/uploads\/2021\/09\/DSC06691-1024x576.jpg 1024w, https:\/\/www.soncaliu.com\/wp-content\/uploads\/2021\/09\/DSC06691-768x432.jpg 768w, https:\/\/www.soncaliu.com\/wp-content\/uploads\/2021\/09\/DSC06691-1536x864.jpg 1536w\" sizes=\"auto, (max-width: 1920px) 100vw, 1920px\" \/><\/figure>\n\n\n<\/div>\n\n<\/div>\n\n\n<section class=\"wp-block-mkl-section-block main-sec\"><div class=\"container  \">\n  \n<div class=\"main-sec-wrap \" >\n  \n<div class=\" \" >\n  \n\n<h2 class=\"wp-block-heading\">COVID-19 protocols<\/h2>\n\n\n<\/div>\n\n<\/div>\n\n<\/div><\/section>\n<\/section>\n\n\n\n<section class=\"wp-block-mkl-section-block section-infoline\"><div class=\"container  \">\n  \n<div class=\"breadcrumbs-wrap \" >\n  \n<div class=\"breadcrumbs-wrap__title \">You are in:<\/div>\n\n<span><span><a href=\"https:\/\/www.soncaliu.com\/en\/\">Home<\/a><\/span><\/span>\n\n\n<\/div>\n\n<\/div><\/section>\n\n\n\n\n\n<section class=\"wp-block-mkl-section-block section-content dc-content\"><div class=\"container style-font \">\n  \n\n<div class=\"row\">\n<div class=\"col-lg-12 col-md-12\">\n<p>At Son Caliu Spa Oasis hotel we want you to worry just about enjoying your holiday. That is why we have implemented a series of action and prevention protocols to ensure the health and wellbeing of our customers, employees and partners across our properties.<\/p>\n\n\n\n<p>All protocols and safety and hygiene measures designed meet WHO recommendations and have been developed in partnership with Biolinea, a leading company in food safety, hygiene and health to ensure the best implementation of the measures hence providing all guarantees and utmost trust to our guests.<\/p>\n\n\n\n<p>Also, to ensure efficacy in the cleaning processes, all our employees have been trained explicitly by leading cleaning and disinfection company Johnson Diversey.<\/p>\n\n\n\n<p>Safety and hygiene have always been a priority for us, but now more than ever we are taking all necessary measures to ensure that travelling is still a safe experience.<\/p>\n\n\n\n<p class=\"has-large-font-size\"><strong>USE OF A MASK IN THE HOTEL<\/strong><\/p>\n\n\n\n<ul class=\"wp-block-list\"><li>It will not be mandatory in situations of food and beverage consumption, in the pool area or in the spa garden<\/li><\/ul>\n\n\n\n<p><\/p>\n\n\n\n<p class=\"has-large-font-size\"><strong>STAFF<\/strong><\/p>\n\n\n\n<ul class=\"wp-block-list\"><li>All staff members have been trained in hygiene and prevention measures<\/li><li>Staff provided with Individual Protection Equipment and trained on how to use it to ensure the safety of everyone<\/li><li>Social distancing measures<\/li><li><\/li><\/ul>\n\n\n\n<p><\/p>\n\n\n\n<p class=\"has-large-font-size\"><strong>PUBLIC AREAS<\/strong><\/p>\n\n\n\n<ul class=\"wp-block-list\"><li>Reorganizaci\u00f3n de los espacios y \u00e1reas comunes y establecimiento de aforos m\u00e1ximos para garantizar la distancia m\u00ednima de seguridad entre personas.<\/li><li>Incremento de frecuencia de limpieza y desinfecci\u00f3n de las \u00e1reas p\u00fablicas en especial atenci\u00f3n a ba\u00f1os y zonas de mayor contacto.<\/li><li>Ventilaci\u00f3n diaria de todas las zonas.<\/li><li>Zonas comunes dotadas con numerosos puntos de dispensadores de gel hidroalcoh\u00f3lico.<\/li><\/ul>\n\n\n\n<p><\/p>\n\n\n\n<p class=\"has-large-font-size\"><strong>RECEPTION<\/strong><\/p>\n\n\n\n<ul class=\"wp-block-list\"><li>New online check in system.\u00a0<\/li><li>Social distancing measures between customers and employees as well as protection screens<\/li><li>Disinfection after each use of point-of-sale terminals, magnetic room keys and other shared use items<\/li><li>Prioritisation of payment by contactless cards<\/li><li>Specific hygiene measures when handling luggage\u00a0<\/li><\/ul>\n\n\n\n<p><\/p>\n\n\n\n<p class=\"has-large-font-size\"><strong>ROOMS<\/strong><\/p>\n\n\n\n<ul class=\"wp-block-list\"><li>All rooms are thoroughly cleaned, paying special attention to surfaces with higher contact such as switches, handles, doors and taps<\/li><li>Whenever possible, all rooms will be vacated at least 24 hours a new guest occupies them<\/li><li>Clothing and linen are washed with special programmes that guarantee utmost hygiene<\/li><li>Minibar* under request, upon arrival to your room you will have two bottles of water; You may request other products to the front desk and they will be delivered as soon as possible<\/li><li>Toiletries: gel, shampoo and body milk available in the room. Other toiletries under request.<\/li><li>*An additional charge applies.<\/li><\/ul>\n\n\n\n<p><\/p>\n\n\n\n<p class=\"has-large-font-size\"><strong>RESTAURANTS &amp; BARS<\/strong><\/p>\n\n\n\n<ul class=\"wp-block-list\"><li>Capacity limits in the buffet area as well as compulsory use of mask in this area<\/li><li>Provisionally the dinner could be offered as a 3-course menu with table service<\/li><li>A-la-carte lunch with table service<\/li><li>Disposable menus, in recycled paper format or through QR code<\/li><li>Tables and chairs are disinfected after each use<\/li><li>Tableware and facilities are cleaned with disinfecting products upon completion of each service.<\/li><\/ul>\n\n\n\n<p><\/p>\n\n\n\n<p class=\"has-large-font-size\"><strong>POOLS<\/strong><\/p>\n\n\n\n<ul class=\"wp-block-list\"><li>Redistribution of pieces of furniture leaving a minimum distance of 1,5 between sunbeds<\/li><li>Limited capacity in pool areas<\/li><li>Reinforcement of maintenance and cleaning of pool water to ensure its optimum quality<\/li><li>Increase in the frequency of cleaning and disinfection of the pool area and its furniture<\/li><li>Towels are handed over sealed to ensure utmost hygiene<\/li><\/ul>\n\n\n\n<p><\/p>\n\n\n\n<p class=\"has-large-font-size\"><strong>SPA<\/strong><\/p>\n\n\n\n<ul class=\"wp-block-list\"><li>Reduced opening times (from 9 to 19 h) with capacity control<\/li><li>Access to saunas with reservation from 10 h<\/li><li>Limited capacity, ensuring minimum safety distance<\/li><li>Treatment menu adapted to new guidelines, available on our web<\/li><li>The gym is open with limited seating and by appointment only.<\/li><\/ul>\n\n\n\n<p><\/p>\n\n\n\n<p class=\"has-large-font-size\"><strong>SUPPLIERS<\/strong><\/p>\n\n\n\n<ul class=\"wp-block-list\"><li>Control of the access of suppliers and additional safety and hygiene measures (mask, shoe covers, gloves)<\/li><li>Defining unloading, disinfection and clean areas<\/li><\/ul>\n\n\n\n<p><\/p>\n\n\n\n<p class=\"has-large-font-size\"><strong>EVENTS<\/strong><\/p>\n\n\n\n<ul class=\"wp-block-list\"><li>Redistribution of capacities to ensure minimum safety distance<\/li><li>Assisted F&amp;B<\/li><\/ul>\n<\/div>\n<\/div>\n\n\n<\/div><\/section>\n\n\n\n<section class=\"wp-block-mkl-section-block section-advantages\"><div class=\"section-bg bg__stretched\" style=\"background-image:url(https:\/\/soncaliu.com\/wp-content\/uploads\/2021\/08\/bg-1-1024x401.jpg);opacity:1\"><\/div><div class=\"container  \">\n  \n\n<h3 class=\"wp-block-heading has-text-align-center\" id=\"enjoy-the-best-benefits\"><mark style=\"background-color:rgba(0, 0, 0, 0)\" class=\"has-inline-color has-white-color\">Enjoy the best benefits<\/mark><\/h3>\n\n\n\n<h2 class=\"wp-block-heading has-text-align-center\" id=\"exclusive-advantages-when-booking-on-our-official-website\"><mark style=\"background-color:rgba(0, 0, 0, 0)\" class=\"has-inline-color has-white-color\">Exclusive advantages when booking on <strong><em>our official website<\/em><\/strong><\/mark><\/h2>\n\n\n\n<div class=\"row-adv row-adv-2 row align-items-center\">\n\n\n<div class=\"col-lg-3 col-md-6\"><div class=\"dc-ics-b \" >\n  \n<div class=\"dc-ics-b__circle \" >\n  \n  <i class=\"icon-ic-money\"><\/i>\n\n<\/div>\n\n<div class=\"dc-ics-b__txt \">We guarantee the best price available<\/div>\n\n<\/div><\/div>\n\n\n\n<div class=\"col-lg-3 col-md-6\"><div class=\"dc-ics-b \" >\n  \n<div class=\"dc-ics-b__circle \" >\n  \n\n<svg width=\"72px\" height=\"72px\" viewBox=\"0 0 72 72\" version=\"1.1\" xmlns=\"http:\/\/www.w3.org\/2000\/svg\" xmlns:xlink=\"http:\/\/www.w3.org\/1999\/xlink\">\n    <g id=\"Symbols\" stroke=\"none\" stroke-width=\"1\" fill=\"none\" fill-rule=\"evenodd\">\n        <g id=\"6-Ventajas\" transform=\"translate(-467.000000, -385.000000)\">\n            <g id=\"Group-7\" transform=\"translate(48.000000, 384.000000)\">\n                <g id=\"Group-9-Copy\" transform=\"translate(305.000000, 2.000000)\">\n                    <g id=\"Group-4\" transform=\"translate(115.000000, 0.000000)\">\n                        <path d=\"M35.00089,23.0967205 C35.4761575,24.0383385 44.0000002,31.4474391 44.0000002,37.3284575 C44.0000002,41.7387095 41.0330493,46.9513839 35.00089,47.0005117 C28.9687307,46.9513839 26.0039159,41.7387095 25.9996422,37.3284575 C25.9953717,31.4474391 34.5213505,24.0383385 35.00089,23.0967205 Z M34.998754,26.2378353 C32.7003817,28.6768306 28.1335415,33.6817348 28.1356768,37.327434 C28.1378136,40.2536142 30.0111152,44.9125762 35.0179783,44.9535161 C39.9949369,44.9125762 41.8639665,40.2556612 41.8639665,37.3284575 C41.8639665,33.6817348 37.2949903,28.6747836 34.998754,26.2378353 Z M29.6099076,36.5185637 C29.8840314,36.5185637 30.1059411,36.7089343 30.1059411,36.9463858 C30.1083145,38.9739349 31.4160392,42.0055354 35.0057554,42.0444283 C35.2810659,42.0464753 35.4994156,42.2409399 35.4970614,42.4773679 C35.4946688,42.7117489 35.2727591,42.9000725 35.0010087,42.9000725 C30.6850425,42.8550386 29.1162475,39.3147597 29.1138741,36.9463858 C29.1138741,36.7099578 29.3369705,36.5185637 29.6099076,36.5185637 Z\" id=\"Combined-Shape\" fill=\"#FFFFFF\"><\/path>\n                    <\/g>\n                <\/g>\n            <\/g>\n        <\/g>\n    <\/g>\n<\/svg>\n\n\n<\/div>\n\n<div class=\"dc-ics-b__txt \">Free access to Spa Oasis<\/div>\n\n<\/div><\/div>\n\n\n\n<div class=\"col-lg-3 col-md-6\"><div class=\"dc-ics-b \" >\n  \n<div class=\"dc-ics-b__circle \" >\n  \n  <i class=\"icon-ic-cocktail\"><\/i>\n\n<\/div>\n\n<div class=\"dc-ics-b__txt \">Special gift on arrival<\/div>\n\n<\/div><\/div>\n\n\n\n\n\n<div class=\"col-lg-3 col-md-6\"><div class=\"dc-ics-b \" >\n  \n<div class=\"dc-ics-b__circle \" >\n  \n  <i class=\"icon-ic-wifi\"><\/i>\n\n<\/div>\n\n<div class=\"dc-ics-b__txt \">Free wifi<\/div>\n\n<\/div><\/div>\n<\/div>\n\n\n<div class=\"text-center link-flash \" >\n  \n\n<h4 class=\"wp-block-heading has-text-align-center js-linkBook\" id=\"book-now-at-the-best-price\"><a href=\"#\">Book now at the&nbsp;<em>best price<\/em><\/a><\/h4>\n\n\n<\/div>\n\n<\/div><\/section>\n","protected":false},"excerpt":{"rendered":"","protected":false},"author":4,"featured_media":0,"parent":0,"menu_order":0,"comment_status":"closed","ping_status":"closed","template":"page-map.php","meta":{"footnotes":""},"class_list":["post-5015","page","type-page","status-publish","hentry"],"yoast_head":"<!-- This site is optimized with the Yoast SEO plugin v27.1.1 - https:\/\/yoast.com\/product\/yoast-seo-wordpress\/ -->\n<title>COVID-19 protocols - Son Caliu Spa Oasis<\/title>\n<meta name=\"robots\" content=\"index, follow, max-snippet:-1, max-image-preview:large, max-video-preview:-1\" \/>\n<link rel=\"canonical\" href=\"https:\/\/www.soncaliu.com\/en\/covid-19-protocols\/\" \/>\n<meta property=\"og:locale\" content=\"en_US\" \/>\n<meta property=\"og:type\" content=\"article\" \/>\n<meta property=\"og:title\" content=\"COVID-19 protocols - Son Caliu Spa Oasis\" \/>\n<meta property=\"og:url\" content=\"https:\/\/www.soncaliu.com\/en\/covid-19-protocols\/\" \/>\n<meta property=\"og:site_name\" content=\"Son Caliu Spa Oasis\" \/>\n<meta property=\"article:modified_time\" content=\"2021-11-30T12:17:45+00:00\" \/>\n<meta property=\"og:image\" content=\"https:\/\/soncaliu.com\/wp-content\/uploads\/2021\/09\/DSC06691.jpg\" \/>\n<meta name=\"twitter:card\" content=\"summary_large_image\" \/>\n<meta name=\"twitter:label1\" content=\"Est. reading time\" \/>\n\t<meta name=\"twitter:data1\" content=\"4 minutes\" \/>\n<script type=\"application\/ld+json\" class=\"yoast-schema-graph\">{\"@context\":\"https:\/\/schema.org\",\"@graph\":[{\"@type\":\"WebPage\",\"@id\":\"https:\/\/www.soncaliu.com\/en\/covid-19-protocols\/\",\"url\":\"https:\/\/www.soncaliu.com\/en\/covid-19-protocols\/\",\"name\":\"COVID-19 protocols - Son Caliu Spa Oasis\",\"isPartOf\":{\"@id\":\"https:\/\/www.soncaliu.com\/en\/#website\"},\"primaryImageOfPage\":{\"@id\":\"https:\/\/www.soncaliu.com\/en\/covid-19-protocols\/#primaryimage\"},\"image\":{\"@id\":\"https:\/\/www.soncaliu.com\/en\/covid-19-protocols\/#primaryimage\"},\"thumbnailUrl\":\"https:\/\/soncaliu.com\/wp-content\/uploads\/2021\/09\/DSC06691.jpg\",\"datePublished\":\"2021-09-17T09:31:35+00:00\",\"dateModified\":\"2021-11-30T12:17:45+00:00\",\"breadcrumb\":{\"@id\":\"https:\/\/www.soncaliu.com\/en\/covid-19-protocols\/#breadcrumb\"},\"inLanguage\":\"en-US\",\"potentialAction\":[{\"@type\":\"ReadAction\",\"target\":[\"https:\/\/www.soncaliu.com\/en\/covid-19-protocols\/\"]}]},{\"@type\":\"ImageObject\",\"inLanguage\":\"en-US\",\"@id\":\"https:\/\/www.soncaliu.com\/en\/covid-19-protocols\/#primaryimage\",\"url\":\"https:\/\/soncaliu.com\/wp-content\/uploads\/2021\/09\/DSC06691.jpg\",\"contentUrl\":\"https:\/\/soncaliu.com\/wp-content\/uploads\/2021\/09\/DSC06691.jpg\"},{\"@type\":\"BreadcrumbList\",\"@id\":\"https:\/\/www.soncaliu.com\/en\/covid-19-protocols\/#breadcrumb\",\"itemListElement\":[{\"@type\":\"ListItem\",\"position\":1,\"name\":\"Home\",\"item\":\"https:\/\/www.soncaliu.com\/en\/\"},{\"@type\":\"ListItem\",\"position\":2,\"name\":\"COVID-19 protocols\"}]},{\"@type\":\"WebSite\",\"@id\":\"https:\/\/www.soncaliu.com\/en\/#website\",\"url\":\"https:\/\/www.soncaliu.com\/en\/\",\"name\":\"Son Caliu Spa Oasis\",\"description\":\"Just another WordPress site\",\"potentialAction\":[{\"@type\":\"SearchAction\",\"target\":{\"@type\":\"EntryPoint\",\"urlTemplate\":\"https:\/\/www.soncaliu.com\/en\/?s={search_term_string}\"},\"query-input\":{\"@type\":\"PropertyValueSpecification\",\"valueRequired\":true,\"valueName\":\"search_term_string\"}}],\"inLanguage\":\"en-US\"}]}<\/script>\n<!-- \/ Yoast SEO plugin. -->","yoast_head_json":{"title":"COVID-19 protocols - Son Caliu Spa Oasis","robots":{"index":"index","follow":"follow","max-snippet":"max-snippet:-1","max-image-preview":"max-image-preview:large","max-video-preview":"max-video-preview:-1"},"canonical":"https:\/\/www.soncaliu.com\/en\/covid-19-protocols\/","og_locale":"en_US","og_type":"article","og_title":"COVID-19 protocols - Son Caliu Spa Oasis","og_url":"https:\/\/www.soncaliu.com\/en\/covid-19-protocols\/","og_site_name":"Son Caliu Spa Oasis","article_modified_time":"2021-11-30T12:17:45+00:00","og_image":[{"url":"https:\/\/soncaliu.com\/wp-content\/uploads\/2021\/09\/DSC06691.jpg","type":"","width":"","height":""}],"twitter_card":"summary_large_image","twitter_misc":{"Est. reading time":"4 minutes"},"schema":{"@context":"https:\/\/schema.org","@graph":[{"@type":"WebPage","@id":"https:\/\/www.soncaliu.com\/en\/covid-19-protocols\/","url":"https:\/\/www.soncaliu.com\/en\/covid-19-protocols\/","name":"COVID-19 protocols - Son Caliu Spa Oasis","isPartOf":{"@id":"https:\/\/www.soncaliu.com\/en\/#website"},"primaryImageOfPage":{"@id":"https:\/\/www.soncaliu.com\/en\/covid-19-protocols\/#primaryimage"},"image":{"@id":"https:\/\/www.soncaliu.com\/en\/covid-19-protocols\/#primaryimage"},"thumbnailUrl":"https:\/\/soncaliu.com\/wp-content\/uploads\/2021\/09\/DSC06691.jpg","datePublished":"2021-09-17T09:31:35+00:00","dateModified":"2021-11-30T12:17:45+00:00","breadcrumb":{"@id":"https:\/\/www.soncaliu.com\/en\/covid-19-protocols\/#breadcrumb"},"inLanguage":"en-US","potentialAction":[{"@type":"ReadAction","target":["https:\/\/www.soncaliu.com\/en\/covid-19-protocols\/"]}]},{"@type":"ImageObject","inLanguage":"en-US","@id":"https:\/\/www.soncaliu.com\/en\/covid-19-protocols\/#primaryimage","url":"https:\/\/soncaliu.com\/wp-content\/uploads\/2021\/09\/DSC06691.jpg","contentUrl":"https:\/\/soncaliu.com\/wp-content\/uploads\/2021\/09\/DSC06691.jpg"},{"@type":"BreadcrumbList","@id":"https:\/\/www.soncaliu.com\/en\/covid-19-protocols\/#breadcrumb","itemListElement":[{"@type":"ListItem","position":1,"name":"Home","item":"https:\/\/www.soncaliu.com\/en\/"},{"@type":"ListItem","position":2,"name":"COVID-19 protocols"}]},{"@type":"WebSite","@id":"https:\/\/www.soncaliu.com\/en\/#website","url":"https:\/\/www.soncaliu.com\/en\/","name":"Son Caliu Spa Oasis","description":"Just another WordPress site","potentialAction":[{"@type":"SearchAction","target":{"@type":"EntryPoint","urlTemplate":"https:\/\/www.soncaliu.com\/en\/?s={search_term_string}"},"query-input":{"@type":"PropertyValueSpecification","valueRequired":true,"valueName":"search_term_string"}}],"inLanguage":"en-US"}]}},"_links":{"self":[{"href":"https:\/\/www.soncaliu.com\/en\/wp-json\/wp\/v2\/pages\/5015","targetHints":{"allow":["GET"]}}],"collection":[{"href":"https:\/\/www.soncaliu.com\/en\/wp-json\/wp\/v2\/pages"}],"about":[{"href":"https:\/\/www.soncaliu.com\/en\/wp-json\/wp\/v2\/types\/page"}],"author":[{"embeddable":true,"href":"https:\/\/www.soncaliu.com\/en\/wp-json\/wp\/v2\/users\/4"}],"replies":[{"embeddable":true,"href":"https:\/\/www.soncaliu.com\/en\/wp-json\/wp\/v2\/comments?post=5015"}],"version-history":[{"count":1,"href":"https:\/\/www.soncaliu.com\/en\/wp-json\/wp\/v2\/pages\/5015\/revisions"}],"predecessor-version":[{"id":5019,"href":"https:\/\/www.soncaliu.com\/en\/wp-json\/wp\/v2\/pages\/5015\/revisions\/5019"}],"wp:attachment":[{"href":"https:\/\/www.soncaliu.com\/en\/wp-json\/wp\/v2\/media?parent=5015"}],"curies":[{"name":"wp","href":"https:\/\/api.w.org\/{rel}","templated":true}]}}